{"id":209,"date":"2021-09-27T17:24:09","date_gmt":"2021-09-27T15:24:09","guid":{"rendered":"https:\/\/heikefink.de\/content\/?page_id=209"},"modified":"2021-12-25T18:02:28","modified_gmt":"2021-12-25T17:02:28","slug":"eventmalerei","status":"publish","type":"page","link":"https:\/\/heikefink.de\/content\/eventmalerei\/","title":{"rendered":"Eventmalerei"},"content":{"rendered":"\n<section id=\"gma1f0bb7\" class=\"wp-block-gutentor-m4 section-gma1f0bb7 gutentor-module gutentor-advanced-columns\"><div class=\"grid-container\"><div class=\"grid-row\">\n<div id=\"col-gmfb76f8\" class=\"wp-block-gutentor-m4-col col-gmfb76f8 gutentor-single-column  grid-lg-12 grid-md-12 grid-12\"><div id=\"section-gmfb76f8\" class=\"section-gmfb76f8 gutentor-col-wrap\">\n<div id=\"section-g338c19\" class=\"wp-block-gutentor-e1 section-g338c19 gutentor-element gutentor-element-advanced-text\"><div class=\"gutentor-text-wrap\"><h2 class=\"gutentor-text\">Eventmalerei<\/h2><\/div><\/div>\n\n\n\n<div id=\"section-gb8da94\" class=\"wp-block-gutentor-e1 section-gb8da94 gutentor-element gutentor-element-advanced-text\"><div class=\"gutentor-text-wrap\"><p class=\"gutentor-text\">Unter Anleitung im Teamwork entstehen gemeinsame oder eigene Bilder. Ganz individuell, nach Ihren W\u00fcnschen. Diese Projekte sind selbst f\u00fcr unge\u00fcbte Maler geeignet und die Mitwirkenden sind immer sehr \u00fcberrascht \u00fcber das positive Ergebnis.<\/p><\/div><\/div>\n\n\n\n<div id=\"section-gb28321\" class=\"wp-block-gutentor-e1 section-gb28321 gutentor-element gutentor-element-advanced-text\"><div class=\"gutentor-text-wrap\"><h3 class=\"gutentor-text\">Als Unterhaltung Ihrer G\u00e4ste oder auf Firmenveranstaltungen &#8211; auch gerne mit Kindern.<\/h3><\/div><\/div>\n\n\n\n<section id=\"section-5138b1d8-e486-4086-8cbc-9fe914e68d54\" class=\"wp-block-gutentor-gallery gutentor-section gutentor-gallery gutentor-gallery-wrapper enable-masonry gallery-template2\"><div class=\"grid-container\"><div class=\"grid-row gutentor-grid-item-wrap full-width-row\"><div class=\"gutentor-gallery-item grid-lg-4 grid-md-4 grid-12\"><div class=\"gutentor-single-item gutentor-image gutentor-single-item-0\"><div class=\"gutentor-gallery-item-wrap\"><div class=\"gutentor-single-item-image-box\"><div class=\"gutentor-image-thumb\"><img decoding=\"async\" class=\"normal-image\" src=\"https:\/\/heikefink.de\/content\/wp-content\/uploads\/2021\/12\/AdobeStock_334370785-1.jpeg\" alt=\"\"\/><\/div><\/div><div class=\"gutentor-single-item-content\"><div class=\"gutentor-gallery-item-header\"><a href=\"https:\/\/heikefink.de\/content\/wp-content\/uploads\/2021\/12\/AdobeStock_334370785-1.jpeg\" class=\"image-gallery\"><i class=\"gallery-icon fas fa-search\"><\/i><\/a><\/div><div class=\"gutentor-gallery-item-desc\"><\/div><\/div><\/div><\/div><\/div><div class=\"gutentor-gallery-item grid-lg-4 grid-md-4 grid-12\"><div class=\"gutentor-single-item gutentor-image gutentor-single-item-1\"><div class=\"gutentor-gallery-item-wrap\"><div class=\"gutentor-single-item-image-box\"><div class=\"gutentor-image-thumb\"><img decoding=\"async\" class=\"normal-image\" src=\"https:\/\/heikefink.de\/content\/wp-content\/uploads\/2021\/12\/IMG_1579-scaled.jpg\" alt=\"\"\/><\/div><\/div><div class=\"gutentor-single-item-content\"><div class=\"gutentor-gallery-item-header\"><a href=\"https:\/\/heikefink.de\/content\/wp-content\/uploads\/2021\/12\/IMG_1579-scaled.jpg\" class=\"image-gallery\"><i class=\"gallery-icon fas fa-search\"><\/i><\/a><\/div><div class=\"gutentor-gallery-item-desc\"><\/div><\/div><\/div><\/div><\/div><div class=\"gutentor-gallery-item grid-lg-4 grid-md-4 grid-12\"><div class=\"gutentor-single-item gutentor-image gutentor-single-item-2\"><div class=\"gutentor-gallery-item-wrap\"><div class=\"gutentor-single-item-image-box\"><div class=\"gutentor-image-thumb\"><img decoding=\"async\" class=\"normal-image\" src=\"https:\/\/heikefink.de\/content\/wp-content\/uploads\/2021\/12\/AdobeStock_284188739-1.jpeg\" alt=\"\"\/><\/div><\/div><div class=\"gutentor-single-item-content\"><div class=\"gutentor-gallery-item-header\"><a href=\"https:\/\/heikefink.de\/content\/wp-content\/uploads\/2021\/12\/AdobeStock_284188739-1.jpeg\" class=\"image-gallery\"><i class=\"gallery-icon fas fa-search\"><\/i><\/a><\/div><div class=\"gutentor-gallery-item-desc\"><\/div><\/div><\/div><\/div><\/div><div class=\"gutentor-gallery-item grid-lg-4 grid-md-4 grid-12\"><div class=\"gutentor-single-item gutentor-image gutentor-single-item-3\"><div class=\"gutentor-gallery-item-wrap\"><div class=\"gutentor-single-item-image-box\"><div class=\"gutentor-image-thumb\"><img decoding=\"async\" class=\"normal-image\" src=\"https:\/\/heikefink.de\/content\/wp-content\/uploads\/2021\/09\/eventmalerei5.jpg\" alt=\"\"\/><\/div><\/div><div class=\"gutentor-single-item-content\"><div class=\"gutentor-gallery-item-header\"><a href=\"https:\/\/heikefink.de\/content\/wp-content\/uploads\/2021\/09\/eventmalerei5.jpg\" class=\"image-gallery\"><i class=\"gallery-icon fas fa-search\"><\/i><\/a><\/div><div class=\"gutentor-gallery-item-desc\"><\/div><\/div><\/div><\/div><\/div><div class=\"gutentor-gallery-item grid-lg-4 grid-md-4 grid-12\"><div class=\"gutentor-single-item gutentor-image gutentor-single-item-4\"><div class=\"gutentor-gallery-item-wrap\"><div class=\"gutentor-single-item-image-box\"><div class=\"gutentor-image-thumb\"><img decoding=\"async\" class=\"normal-image\" src=\"https:\/\/heikefink.de\/content\/wp-content\/uploads\/2021\/09\/eventmalerei6.jpg\" alt=\"\"\/><\/div><\/div><div class=\"gutentor-single-item-content\"><div class=\"gutentor-gallery-item-header\"><a href=\"https:\/\/heikefink.de\/content\/wp-content\/uploads\/2021\/09\/eventmalerei6.jpg\" class=\"image-gallery\"><i class=\"gallery-icon fas fa-search\"><\/i><\/a><\/div><div class=\"gutentor-gallery-item-desc\"><\/div><\/div><\/div><\/div><\/div><div class=\"gutentor-gallery-item grid-lg-4 grid-md-4 grid-12\"><div class=\"gutentor-single-item gutentor-image gutentor-single-item-5\"><div class=\"gutentor-gallery-item-wrap\"><div class=\"gutentor-single-item-image-box\"><div class=\"gutentor-image-thumb\"><img decoding=\"async\" class=\"normal-image\" src=\"https:\/\/heikefink.de\/content\/wp-content\/uploads\/2021\/09\/eventmalerei8.jpg\" alt=\"\"\/><\/div><\/div><div class=\"gutentor-single-item-content\"><div class=\"gutentor-gallery-item-header\"><a href=\"https:\/\/heikefink.de\/content\/wp-content\/uploads\/2021\/09\/eventmalerei8.jpg\" class=\"image-gallery\"><i class=\"gallery-icon fas fa-search\"><\/i><\/a><\/div><div class=\"gutentor-gallery-item-desc\"><\/div><\/div><\/div><\/div><\/div><\/div><\/div><\/section>\n<\/div><\/div>\n<\/div><\/div><\/section>\n","protected":false},"excerpt":{"rendered":"","protected":false},"author":1,"featured_media":0,"parent":0,"menu_order":0,"comment_status":"closed","ping_status":"closed","template":"template-gutentor-full-width.php","meta":{"footnotes":""},"class_list":["post-209","page","type-page","status-publish","hentry"],"_links":{"self":[{"href":"https:\/\/heikefink.de\/content\/wp-json\/wp\/v2\/pages\/209"}],"collection":[{"href":"https:\/\/heikefink.de\/content\/wp-json\/wp\/v2\/pages"}],"about":[{"href":"https:\/\/heikefink.de\/content\/wp-json\/wp\/v2\/types\/page"}],"author":[{"embeddable":true,"href":"https:\/\/heikefink.de\/content\/wp-json\/wp\/v2\/users\/1"}],"replies":[{"embeddable":true,"href":"https:\/\/heikefink.de\/content\/wp-json\/wp\/v2\/comments?post=209"}],"version-history":[{"count":17,"href":"https:\/\/heikefink.de\/content\/wp-json\/wp\/v2\/pages\/209\/revisions"}],"predecessor-version":[{"id":588,"href":"https:\/\/heikefink.de\/content\/wp-json\/wp\/v2\/pages\/209\/revisions\/588"}],"wp:attachment":[{"href":"https:\/\/heikefink.de\/content\/wp-json\/wp\/v2\/media?parent=209"}],"curies":[{"name":"wp","href":"https:\/\/api.w.org\/{rel}","templated":true}]}}