{"id":68,"date":"2019-05-07T08:27:33","date_gmt":"2019-05-07T08:27:33","guid":{"rendered":"https:\/\/www.demo.cosmoswp.com\/demo-2\/?page_id=12"},"modified":"2022-03-30T16:06:18","modified_gmt":"2022-03-30T14:06:18","slug":"home","status":"publish","type":"page","link":"https:\/\/heikefink.de\/content\/","title":{"rendered":"Home"},"content":{"rendered":"\n<section id=\"section-a8b74efb-4918-4591-8b55-25b1c8e6753f\" class=\"wp-block-gutentor-image-slider gutentor-section gutentor-image-slider imageSlider-template1 text-left\"><div class=\"gutentor-grid-item-wrap\"><div class=\"gutentor-slider-wrapper\" data-dots=\"false\" data-arrows=\"true\" data-infinite=\"true\" data-nextarrow=\"fas fa-angle-right\" data-prevarrow=\"fas fa-angle-left\" data-autoplay=\"true\" data-autoplayspeed=\"5000\" data-fade=\"false\" data-speed=\"2000\"><div class=\"gutentor-slider-item\"><div class=\"gutentor-single-item gutentor-single-item-0\"><div class=\"gutentor-single-item-wrap\"><div class=\"gutentor-single-item-image-box\"><div class=\"gutentor-bg-image\"><div class=\"overlay\"><\/div><\/div><\/div><div class=\"gutentor-single-item-content\"><div class=\"grid-container\"><div class=\"slider-caption text-left\"><h3 class=\"gutentor-single-item-title\">Kunst ist vielseitig<\/h3><p class=\"gutentor-single-item-desc\">Ich zeichne alles &#8211; vom detailgenauen \u00d6lgem\u00e4lde bis zur fl\u00fcchtigen Kohlezeichnung, von der Landschaft bis zum Portrait   <\/p><\/div><\/div><\/div><\/div><\/div><\/div><div class=\"gutentor-slider-item\"><div class=\"gutentor-single-item gutentor-single-item-1\"><div class=\"gutentor-single-item-wrap\"><div class=\"gutentor-single-item-image-box\"><div class=\"gutentor-bg-image\"><div class=\"overlay\"><\/div><\/div><\/div><div class=\"gutentor-single-item-content\"><div class=\"grid-container\"><div class=\"slider-caption text-left\"><h3 class=\"gutentor-single-item-title\">Malkurse f\u00fcr Anf\u00e4nger und Fortgeschrittene<\/h3><p class=\"gutentor-single-item-desc\">Zeichnen oder Malen in Aquarell, \u00d6l, Acryl, Pastellkreide und mit der Feder.<\/p><\/div><\/div><\/div><\/div><\/div><\/div><div class=\"gutentor-slider-item\"><div class=\"gutentor-single-item gutentor-single-item-2\"><div class=\"gutentor-single-item-wrap\"><div class=\"gutentor-single-item-image-box\"><div class=\"gutentor-bg-image\"><div class=\"overlay\"><\/div><\/div><\/div><div class=\"gutentor-single-item-content\"><div class=\"grid-container\"><div class=\"slider-caption text-left\"><h3 class=\"gutentor-single-item-title\">Individuelle Keramik<\/h3><p class=\"gutentor-single-item-desc\">Tassen, Teller, Kannen, Dosen und Schalen fertige ich f\u00fcr Sie individuell nach Ihren W\u00fcnschen an<\/p><\/div><\/div><\/div><\/div><\/div><\/div><div class=\"gutentor-slider-item\"><div class=\"gutentor-single-item gutentor-single-item-3\"><div class=\"gutentor-single-item-wrap\"><div class=\"gutentor-single-item-image-box\"><div class=\"gutentor-bg-image\"><div class=\"overlay\"><\/div><\/div><\/div><div class=\"gutentor-single-item-content\"><div class=\"grid-container\"><div class=\"slider-caption text-left\"><h3 class=\"gutentor-single-item-title\">T\u00f6pferkurse f\u00fcr Gro\u00df und Klein<\/h3><p class=\"gutentor-single-item-desc\">In plastischen Arbeiten, Zierobjekten oder Gebrauchsware, bekommen Sie einen Einstieg in den Umgang mit Ton<\/p><\/div><\/div><\/div><\/div><\/div><\/div><\/div><\/div><\/section>\n\n\n\n<p><\/p>\n\n\n\n<p><\/p>\n","protected":false},"excerpt":{"rendered":"","protected":false},"author":1,"featured_media":0,"parent":0,"menu_order":0,"comment_status":"closed","ping_status":"closed","template":"template-gutentor-full-width.php","meta":{"footnotes":""},"class_list":["post-68","page","type-page","status-publish","hentry"],"_links":{"self":[{"href":"https:\/\/heikefink.de\/content\/wp-json\/wp\/v2\/pages\/68"}],"collection":[{"href":"https:\/\/heikefink.de\/content\/wp-json\/wp\/v2\/pages"}],"about":[{"href":"https:\/\/heikefink.de\/content\/wp-json\/wp\/v2\/types\/page"}],"author":[{"embeddable":true,"href":"https:\/\/heikefink.de\/content\/wp-json\/wp\/v2\/users\/1"}],"replies":[{"embeddable":true,"href":"https:\/\/heikefink.de\/content\/wp-json\/wp\/v2\/comments?post=68"}],"version-history":[{"count":34,"href":"https:\/\/heikefink.de\/content\/wp-json\/wp\/v2\/pages\/68\/revisions"}],"predecessor-version":[{"id":600,"href":"https:\/\/heikefink.de\/content\/wp-json\/wp\/v2\/pages\/68\/revisions\/600"}],"wp:attachment":[{"href":"https:\/\/heikefink.de\/content\/wp-json\/wp\/v2\/media?parent=68"}],"curies":[{"name":"wp","href":"https:\/\/api.w.org\/{rel}","templated":true}]}}